{"id":89,"date":"2013-10-22T12:08:04","date_gmt":"2013-10-22T10:08:04","guid":{"rendered":"http:\/\/treske-physiotherapie.de\/?page_id=89"},"modified":"2017-12-01T22:06:02","modified_gmt":"2017-12-01T21:06:02","slug":"impressum","status":"publish","type":"page","link":"http:\/\/treske-physiotherapie.de\/?page_id=89","title":{"rendered":"Impressum"},"content":{"rendered":"<div class=\"cycloneslider cycloneslider-template-default cycloneslider-width-full\" id=\"cycloneslider-impressum-1\" > <div class=\"cycloneslider-slides cycle-slideshow\" data-cycle-allow-wrap=\"true\" data-cycle-dynamic-height=\"off\" data-cycle-auto-height=\"1000:170\" data-cycle-auto-height-easing=\"null\" data-cycle-auto-height-speed=\"250\" data-cycle-delay=\"0\" data-cycle-easing=\"\" data-cycle-fx=\"fade\" data-cycle-hide-non-active=\"true\" data-cycle-log=\"false\" data-cycle-next=\"#cycloneslider-impressum-1 .cycloneslider-next\" data-cycle-pager=\"#cycloneslider-impressum-1 .cycloneslider-pager\" data-cycle-pause-on-hover=\"true\" data-cycle-prev=\"#cycloneslider-impressum-1 .cycloneslider-prev\" data-cycle-slides=\"&gt; div\" data-cycle-speed=\"1000\" data-cycle-swipe=\"1\" data-cycle-tile-count=\"7\" data-cycle-tile-delay=\"100\" data-cycle-tile-vertical=\"true\" data-cycle-timeout=\"4000\" > <div class=\"cycloneslider-slide cycloneslider-slide-image\" > <img decoding=\"async\" src=\"http:\/\/treske-physiotherapie.de\/wp-content\/uploads\/2013\/11\/platzhalter.png\" alt=\"\" title=\"\" \/> <\/div> <\/div> <\/div>\n<div style=\"padding-left: 20px;\">\n<h3>Impressum<\/h3>\n<\/div>\n<div style=\"float: left; width: 50%;\">\n<div style=\"padding-left: 20px; padding-right: 10px;\"><em>Katja Treske<br \/>\nPraxis f\u00fcr Physiotherapie<br \/>\nOtto-Riedel-Stra\u00dfe 2<br \/>\n08062 Zwickau<br \/>\nTelefon: 0375 782141<br \/>\nTelefax: 0375 782141<br \/>\nE-Mail: info@treske-physiotherapie.de<br \/>\nWeb: www.treske-physiotherapie.de<\/p>\n<p>Gesetzliche Berufsbezeichnung: Physiotherapeutin<br \/>\nSteuernummer: 227\/546\/02787G35<br \/>\nBerufsordnung: Gesetz \u00fcber die Berufe in der Physiotherapie (Masseur- und Physiotherapeutengesetz &#8211; MPhG)<\/p>\n<p>Haftungsausschluss<\/p>\n<p>Diese Webseite wurde mit gr\u00f6\u00dftm\u00f6glicher Sorgfalt nach bestem Wissen und Gewissen erstellt. Dennoch kann keine Haftung f\u00fcr die Aktualit\u00e4t, Vollst\u00e4ndigkeit oder Richtigkeit der Inhalte \u00fcbernommen werden.<\/p>\n<p>Auf dieser Seite befinden sich externe Verweisungen auf fremde Internetseiten (Links). Die verlinkten Seiten wurden bei der Aufnahme und Verlinkung ausf\u00fchrlich \u00fcberpr\u00fcft. Trotz regelm\u00e4\u00dfiger, sorgf\u00e4ltiger inhaltlicher Kontrolle der verlinkten Seiten, kann keine Haftung f\u00fcr die Inhalte externer Links \u00fcbernommen werden. F\u00fcr die verlinkten Seiten sind ausschlie\u00dflich deren Betreiber verantwortlich. Treske Physiotherapie distanziert sich hiermit ausdr\u00fccklich von allen Inhalten aller verlinkten Seiten, die nach der Verkn\u00fcpfung ver\u00e4ndert wurden.<\/p>\n<p>Urheberrecht<\/p>\n<p>Treske Physiotherapie ist bestrebt, in allen Publikationen bestehende Urheberrechte zu beachten. Das verwendete Bildmaterial sowie Design der Internetpr\u00e4senz sind urheberrechtlich gesch\u00fctzt. Alle Seiten enthalten Bilder, die dem Urheberrecht derjenigen unterliegen, die diese zur Verf\u00fcgung gestellt haben. Hierbei handelt es sich um Bildmaterial des Fotografen Daniel Hauser. Das Urheberrecht liegt bei Daniel Hauser.<br \/>\n<\/em><\/div>\n<\/div>\n<div style=\"float: right; width: 50%;\">\n<div style=\"padding-right: 20px; padding-left: 10px;\"><em>Sollte es trotz der umfangreichen Bem\u00fchungen zu einer Urheberrechtsverletzung kommen, wird Treske Physiotherapie das entsprechende Objekt nach Benachrichtigung aus dem Internetangebot entfernen bzw. mit dem entsprechenden Urheberrecht kenntlich machen.<\/p>\n<p>Die Inhalte dieser Internetpr\u00e4senz d\u00fcrfen weder in ihrer Gesamtheit, noch in Ausschnitten, ohne ausdr\u00fcckliche Zustimmung seitens Treske Physiotherapie vervielf\u00e4ltigt, ver\u00f6ffentlicht oder anderweitig wiedergegeben werden.<\/p>\n<p>Datenschutz<\/p>\n<p>Treske Physiotherapie achtet die Privatsph\u00e4re seiner Besucher. Die Verarbeitung Ihrer Daten steht in Einklang mit dem Bundesdatenschutzgesetz (BDSG) und dem Telemediengesetz (TMG).<\/p>\n<p>Wenn Sie mit uns Kontakt aufnehmen, ben\u00f6tigten wir von Ihnen ggf. bestimmte Daten (Ihren Namen, Postanschrift und Geburtsdatum). Diese Daten verwenden wir ausschlie\u00dflich f\u00fcr unsere eigenen Zwecke. Eine Weitergabe an Dritte erfolgt nur in Zusammenhang mit unserer T\u00e4tigkeit als Physiotherapeut (z.B. Weitergabe personenspezifischer Daten an Krankenversicherungstr\u00e4ger zu Abrechnungszwecken).<\/p>\n<p>Wir weisen jedoch ausdr\u00fccklich darauf hin, dass die Daten\u00fcbertragung im Internet (z.B. bei der Kommunikation per E-Mail) Sicherheitsl\u00fccken aufweisen kann. Ein l\u00fcckenloser Schutz der Daten vor dem Zugriff durch Dritte ist nicht m\u00f6glich. <\/p>\n<p>Die Erhebung personenbezogener Daten auf unserer Internetpr\u00e4senz (beispielsweise Name, Anschrift oder E-Mail-Adresse) , erfolgt stets auf freiwilliger Basis. Die Nutzung unserer Internetpr\u00e4senz und Kontaktaufnahme ist auch ohne Angabe personenbezogener Daten m\u00f6glich.<\/p>\n<p>Die Nutzung der im Rahmen der Impressumspflicht oder anderweitig ver\u00f6ffentlichten Kontaktdaten durch Dritte zur \u00dcbersendung von unaufgeforderter Werbung und Informationsmaterialien, sei es postalisch oder elektronisch, wird hiermit ausdr\u00fccklich widersprochen.<\/p>\n<p>Fotos: visjon UG, http:\/\/visjon.de<\/em><\/div>\n<\/div>\n<div style=\"clear: both;\"><\/div>\n","protected":false},"excerpt":{"rendered":"<p>Impressum Katja Treske Praxis f\u00fcr Physiotherapie Otto-Riedel-Stra\u00dfe 2 08062 Zwickau Telefon: 0375 782141 Telefax: 0375 782141 E-Mail: info@treske-physiotherapie.de Web: www.treske-physiotherapie.de Gesetzliche Berufsbezeichnung: Physiotherapeutin Steuernummer: 227\/546\/02787G35 Berufsordnung: Gesetz \u00fcber die Berufe in der Physiotherapie (Masseur- und Physiotherapeutengesetz &#8211; MPhG) Haftungsausschluss Diese Webseite wurde mit gr\u00f6\u00dftm\u00f6glicher Sorgfalt nach bestem Wissen und Gewissen erstellt. Dennoch kann keine Haftung &hellip; <a href=\"http:\/\/treske-physiotherapie.de\/?page_id=89\" class=\"more-link\"><span class=\"screen-reader-text\">Impressum<\/span> weiterlesen <span class=\"meta-nav\">&rarr;<\/span><\/a><\/p>\n","protected":false},"author":1,"featured_media":0,"parent":0,"menu_order":0,"comment_status":"closed","ping_status":"open","template":"","meta":{"footnotes":""},"class_list":["post-89","page","type-page","status-publish","hentry"],"_links":{"self":[{"href":"http:\/\/treske-physiotherapie.de\/index.php?rest_route=\/wp\/v2\/pages\/89","targetHints":{"allow":["GET"]}}],"collection":[{"href":"http:\/\/treske-physiotherapie.de\/index.php?rest_route=\/wp\/v2\/pages"}],"about":[{"href":"http:\/\/treske-physiotherapie.de\/index.php?rest_route=\/wp\/v2\/types\/page"}],"author":[{"embeddable":true,"href":"http:\/\/treske-physiotherapie.de\/index.php?rest_route=\/wp\/v2\/users\/1"}],"replies":[{"embeddable":true,"href":"http:\/\/treske-physiotherapie.de\/index.php?rest_route=%2Fwp%2Fv2%2Fcomments&post=89"}],"version-history":[{"count":15,"href":"http:\/\/treske-physiotherapie.de\/index.php?rest_route=\/wp\/v2\/pages\/89\/revisions"}],"predecessor-version":[{"id":268,"href":"http:\/\/treske-physiotherapie.de\/index.php?rest_route=\/wp\/v2\/pages\/89\/revisions\/268"}],"wp:attachment":[{"href":"http:\/\/treske-physiotherapie.de\/index.php?rest_route=%2Fwp%2Fv2%2Fmedia&parent=89"}],"curies":[{"name":"wp","href":"https:\/\/api.w.org\/{rel}","templated":true}]}}