{"id":210,"date":"2014-10-16T20:19:05","date_gmt":"2014-10-16T19:19:05","guid":{"rendered":"http:\/\/treske-physiotherapie.de\/?page_id=210"},"modified":"2015-05-08T11:38:01","modified_gmt":"2015-05-08T10:38:01","slug":"gutscheine","status":"publish","type":"page","link":"http:\/\/treske-physiotherapie.de\/?page_id=210","title":{"rendered":"Gutscheine"},"content":{"rendered":"<div tabindex=\"0\" class=\"cycloneslider cycloneslider-template-standard cycloneslider-width-full\" id=\"cycloneslider-gutscheine-1\" > <div class=\"cycloneslider-slides cycle-slideshow\" data-cycle-allow-wrap=\"true\" data-cycle-dynamic-height=\"off\" data-cycle-auto-height=\"1000:400\" data-cycle-auto-height-easing=\"null\" data-cycle-auto-height-speed=\"250\" data-cycle-delay=\"0\" data-cycle-easing=\"\" data-cycle-fx=\"fade\" data-cycle-hide-non-active=\"true\" data-cycle-log=\"false\" data-cycle-next=\"#cycloneslider-gutscheine-1 .cycloneslider-next\" data-cycle-pager=\"#cycloneslider-gutscheine-1 .cycloneslider-pager\" data-cycle-pause-on-hover=\"true\" data-cycle-prev=\"#cycloneslider-gutscheine-1 .cycloneslider-prev\" data-cycle-slides=\"&gt; div\" data-cycle-speed=\"1000\" data-cycle-swipe=\"1\" data-cycle-tile-count=\"7\" data-cycle-tile-delay=\"100\" data-cycle-tile-vertical=\"true\" data-cycle-timeout=\"4000\" > <div class=\"cycloneslider-slide cycloneslider-slide-image\" > <img decoding=\"async\" src=\"http:\/\/treske-physiotherapie.de\/wp-content\/uploads\/2013\/10\/20131008_Fotos_Praxis_1000_600_vorab-12-1000x400.jpg\" alt=\"\" title=\"\" \/> <\/div> <div class=\"cycloneslider-slide cycloneslider-slide-image\" > <img decoding=\"async\" src=\"http:\/\/treske-physiotherapie.de\/wp-content\/uploads\/2013\/10\/20131008_Fotos_Praxis_1000_600_vorab-5-1000x400.jpg\" alt=\"\" title=\"\" \/> <\/div> <div class=\"cycloneslider-slide cycloneslider-slide-image\" > <img decoding=\"async\" src=\"http:\/\/treske-physiotherapie.de\/wp-content\/uploads\/2013\/10\/20131008_Fotos_Praxis_1000_600_vorab-4-1000x400.jpg\" alt=\"\" title=\"\" \/> <\/div> <\/div> <\/div>\n<h3>Bei uns k\u00f6nnen Sie Gutscheine \u2013 als Geschenk oder f\u00fcr sich selbst \u2013 f\u00fcr pr\u00e4ventive Massagen, f\u00fcr R\u00fcckentraining und Sportgruppen sowie Fango Behandlungen erwerben.<\/h3>\n<hr \/>\n<p><span style=\"color: #6fca01; font-size: 20px; font-weight: bold;\">Anwendungen klassische Massage<\/span><\/p>\n<p>Die Massage z\u00e4hlt zu den \u00e4ltesten Heilmitteln, bereits die Menschen im alten China wussten bereits um die heilende Wirkung von Massagen. Professionell durchgef\u00fchrt k\u00f6nnen Sie zur Entspannung dienen, das Wohlbefinden steigern oder helfen bei der Heilung oder Linderung von Schmerzen. Die positiven Auswirkungen der Massage erstrecken sich auf den gesamten K\u00f6rper.<\/p>\n<hr \/>\n<p><span style=\"color: #6fca01; font-size: 20px; font-weight: bold;\">Anwendungen klassische Massage + Fango<\/span><\/p>\n<p>Der Fachbegriff Fango (italienisch, heilenden Schlamm) ist ein Mineralschlamm vulkanischen Ursprungs. Bei der Behandlung wird die Fangomasse auf ca. 45 \u00b0C erw\u00e4rmt und als Packung auf den K\u00f6rper aufgelegt. Die Anwendung f\u00f6rdert die Durchblutung, und somit die Entspannung der Muskulatur. Optimal ist eine Kombination aus Fangotherapie mit anschlie\u00dfender Massage.<\/p>\n<hr \/>\n<p><span style=\"color: #6fca01; font-size: 20px; font-weight: bold;\">R\u00fcckenschulkurse<\/span><\/p>\n<p>Ziel des R\u00fcckenschulkurses ist es, durch krankengymnastisches Training, R\u00fcckenschmerzen vorzubeugen bzw. zu vermindern. In Gruppen\u00fcbungen kombiniert mit leichtem sportlichen Training wird die R\u00fccken- und Bauchmuskulatur gest\u00e4rkt und so die Wirbels\u00e4ule entlastet.<br \/>\nZus\u00e4tzlich geben unsere Therapeuten gezielte Hilfestellungen und Tipps z.B. zur Korrektur von Haltungssch\u00e4den. Teilweise werden dieses Kurse von den Krankenkassen finanziell r\u00fcckverg\u00fctet.<br \/>\nDie Kurse finden am sp\u00e4ten Nachmittag oder Abends in unseren Praxisr\u00e4umen statt.<\/p>\n<hr \/>\n<p><span style=\"color: #6fca01; font-size: 20px; font-weight: bold;\">Individueller Gutschein<\/span><\/p>\n<p>Bei diesem Gutschein k\u00f6nnen Sie die einzelnen Anwendungen oder Therapieschritte individuell mit dem Therapeuten abstimmen und auf Ihre Bed\u00fcrfnisse anpassen. M\u00f6glich sind Einzelbehandlungen, wie z.B. Massagen, Fango, Manualtherapie oder Gruppenkurse wie z.B. R\u00fcckenschule oder Herzkreislaufkurse. Am besten Sie vereinbaren vorab einen Termin direkt in unserer Physiotherapie.<\/p>\n","protected":false},"excerpt":{"rendered":"<p>Bei uns k\u00f6nnen Sie Gutscheine \u2013 als Geschenk oder f\u00fcr sich selbst \u2013 f\u00fcr pr\u00e4ventive Massagen, f\u00fcr R\u00fcckentraining und Sportgruppen sowie Fango Behandlungen erwerben. Anwendungen klassische Massage Die Massage z\u00e4hlt zu den \u00e4ltesten Heilmitteln, bereits die Menschen im alten China wussten bereits um die heilende Wirkung von Massagen. Professionell durchgef\u00fchrt k\u00f6nnen Sie zur Entspannung dienen, &hellip; <a href=\"http:\/\/treske-physiotherapie.de\/?page_id=210\" class=\"more-link\"><span class=\"screen-reader-text\">Gutscheine<\/span> weiterlesen <span class=\"meta-nav\">&rarr;<\/span><\/a><\/p>\n","protected":false},"author":1,"featured_media":0,"parent":0,"menu_order":0,"comment_status":"closed","ping_status":"open","template":"","meta":{"footnotes":""},"class_list":["post-210","page","type-page","status-publish","hentry"],"_links":{"self":[{"href":"http:\/\/treske-physiotherapie.de\/index.php?rest_route=\/wp\/v2\/pages\/210","targetHints":{"allow":["GET"]}}],"collection":[{"href":"http:\/\/treske-physiotherapie.de\/index.php?rest_route=\/wp\/v2\/pages"}],"about":[{"href":"http:\/\/treske-physiotherapie.de\/index.php?rest_route=\/wp\/v2\/types\/page"}],"author":[{"embeddable":true,"href":"http:\/\/treske-physiotherapie.de\/index.php?rest_route=\/wp\/v2\/users\/1"}],"replies":[{"embeddable":true,"href":"http:\/\/treske-physiotherapie.de\/index.php?rest_route=%2Fwp%2Fv2%2Fcomments&post=210"}],"version-history":[{"count":29,"href":"http:\/\/treske-physiotherapie.de\/index.php?rest_route=\/wp\/v2\/pages\/210\/revisions"}],"predecessor-version":[{"id":251,"href":"http:\/\/treske-physiotherapie.de\/index.php?rest_route=\/wp\/v2\/pages\/210\/revisions\/251"}],"wp:attachment":[{"href":"http:\/\/treske-physiotherapie.de\/index.php?rest_route=%2Fwp%2Fv2%2Fmedia&parent=210"}],"curies":[{"name":"wp","href":"https:\/\/api.w.org\/{rel}","templated":true}]}}